{"id":206,"date":"2021-09-21T10:35:42","date_gmt":"2021-09-21T10:35:42","guid":{"rendered":"http:\/\/www.kordesder.org.tr\/?page_id=206"},"modified":"2021-09-29T07:27:47","modified_gmt":"2021-09-29T07:27:47","slug":"yonetim-kurulu","status":"publish","type":"page","link":"https:\/\/www.kordesder.org.tr\/?page_id=206","title":{"rendered":"Y\u00f6netim Kurulu"},"content":{"rendered":"\t\t<div data-elementor-type=\"wp-page\" data-elementor-id=\"206\" class=\"elementor elementor-206\" data-elementor-settings=\"[]\">\n\t\t\t\t\t\t\t<div class=\"elementor-section-wrap\">\n\t\t\t\t\t\t\t<section class=\"elementor-section elementor-top-section elementor-element elementor-element-ee69068 elementor-section-boxed elementor-section-height-default elementor-section-height-default\" data-id=\"ee69068\" data-element_type=\"section\">\n\t\t\t\t\t\t<div class=\"elementor-container elementor-column-gap-default\">\n\t\t\t\t\t<div class=\"elementor-column elementor-col-100 elementor-top-column elementor-element elementor-element-775986d\" data-id=\"775986d\" data-element_type=\"column\">\n\t\t\t<div class=\"elementor-widget-wrap elementor-element-populated\">\n\t\t\t\t\t\t\t\t<div class=\"elementor-element elementor-element-c420c6b elementor-widget elementor-widget-premium-addon-title\" data-id=\"c420c6b\" data-element_type=\"widget\" data-widget_type=\"premium-addon-title.default\">\n\t\t\t\t<div class=\"elementor-widget-container\">\n\t\t\t\r\n\t<div class=\"premium-title-container style1\">\r\n\t\t<h3 class=\"premium-title-header premium-title-style1\">\r\n\t\t\t\r\n\t\t\t\r\n\t\t\t\t\t\t\t\t\t<span class=\"premium-title-text\" >\r\n\t\t\t\tY\u00f6netim Kurulu\t\t\t<\/span>\r\n\t\t\t\t\r\n\t\t\t\t\t\t\t\t<\/h3>\r\n\t<\/div>\r\n\r\n\t\t\t\t<\/div>\n\t\t\t\t<\/div>\n\t\t\t\t<div class=\"elementor-element elementor-element-abecaaa elementor-widget elementor-widget-text-editor\" data-id=\"abecaaa\" data-element_type=\"widget\" data-widget_type=\"text-editor.default\">\n\t\t\t\t<div class=\"elementor-widget-container\">\n\t\t\t\t\t\t\t<p><strong>Ba\u015fkan<\/strong><\/p><p>Tekin SALTAN<br \/><br \/><\/p><p><strong>Genel Sekreter<\/strong><\/p><p>Osman ERENSOY<br \/><br \/><\/p><p><strong>Mali Sekreter<\/strong><\/p><p>Tanju ATASEVEN<br \/><br \/><\/p><p><strong>E\u011fitim Sekreteri<\/strong><\/p><p>Yusuf ALPARSLAN\u00a0<br \/><br \/><\/p><p><strong>\u0130ktisadi \u0130\u015fler Sekreteri<\/strong><\/p><p>Muhammed Taha SALTAN<\/p>\t\t\t\t\t\t<\/div>\n\t\t\t\t<\/div>\n\t\t\t\t\t<\/div>\n\t\t<\/div>\n\t\t\t\t\t\t\t<\/div>\n\t\t<\/section>\n\t\t\t\t\t\t<\/div>\n\t\t\t\t\t<\/div>\n\t\t","protected":false},"excerpt":{"rendered":"<p>Y\u00f6netim Kurulu Ba\u015fkan Tekin SALTAN Genel Sekreter Osman ERENSOY Mali Sekreter Tanju ATASEVEN E\u011fitim Sekreteri Yusuf ALPARSLAN\u00a0 \u0130ktisadi \u0130\u015fler Sekreteri Muhammed Taha SALTAN<\/p>\n","protected":false},"author":1,"featured_media":0,"parent":0,"menu_order":0,"comment_status":"closed","ping_status":"closed","template":"","meta":[],"_links":{"self":[{"href":"https:\/\/www.kordesder.org.tr\/index.php?rest_route=\/wp\/v2\/pages\/206"}],"collection":[{"href":"https:\/\/www.kordesder.org.tr\/index.php?rest_route=\/wp\/v2\/pages"}],"about":[{"href":"https:\/\/www.kordesder.org.tr\/index.php?rest_route=\/wp\/v2\/types\/page"}],"author":[{"embeddable":true,"href":"https:\/\/www.kordesder.org.tr\/index.php?rest_route=\/wp\/v2\/users\/1"}],"replies":[{"embeddable":true,"href":"https:\/\/www.kordesder.org.tr\/index.php?rest_route=%2Fwp%2Fv2%2Fcomments&post=206"}],"version-history":[{"count":0,"href":"https:\/\/www.kordesder.org.tr\/index.php?rest_route=\/wp\/v2\/pages\/206\/revisions"}],"wp:attachment":[{"href":"https:\/\/www.kordesder.org.tr\/index.php?rest_route=%2Fwp%2Fv2%2Fmedia&parent=206"}],"curies":[{"name":"wp","href":"https:\/\/api.w.org\/{rel}","templated":true}]}}