{"id":142,"date":"2021-09-20T07:48:42","date_gmt":"2021-09-20T07:48:42","guid":{"rendered":"http:\/\/www.kordesder.org.tr\/?page_id=142"},"modified":"2021-09-27T06:30:39","modified_gmt":"2021-09-27T06:30:39","slug":"hakkimizda","status":"publish","type":"page","link":"https:\/\/www.kordesder.org.tr\/?page_id=142","title":{"rendered":"Hakk\u0131m\u0131zda"},"content":{"rendered":"\t\t<div data-elementor-type=\"wp-page\" data-elementor-id=\"142\" class=\"elementor elementor-142\" data-elementor-settings=\"[]\">\n\t\t\t\t\t\t\t<div class=\"elementor-section-wrap\">\n\t\t\t\t\t\t\t<section class=\"elementor-section elementor-top-section elementor-element elementor-element-fdf0d6c elementor-section-boxed elementor-section-height-default elementor-section-height-default\" data-id=\"fdf0d6c\" data-element_type=\"section\">\n\t\t\t\t\t\t<div class=\"elementor-container elementor-column-gap-default\">\n\t\t\t\t\t<div class=\"elementor-column elementor-col-50 elementor-top-column elementor-element elementor-element-1d0f75f\" data-id=\"1d0f75f\" data-element_type=\"column\">\n\t\t\t<div class=\"elementor-widget-wrap elementor-element-populated\">\n\t\t\t\t\t\t\t\t<div class=\"elementor-element elementor-element-0bc9737 elementor-widget elementor-widget-premium-addon-title\" data-id=\"0bc9737\" data-element_type=\"widget\" data-widget_type=\"premium-addon-title.default\">\n\t\t\t\t<div class=\"elementor-widget-container\">\n\t\t\t\r\n\t<div class=\"premium-title-container style4\">\r\n\t\t<h3 class=\"premium-title-header premium-title-style4\">\r\n\t\t\t\r\n\t\t\t\r\n\t\t\t\t\t\t\t\t\t<span class=\"premium-title-text\" >\r\n\t\t\t\tHakk\u0131m\u0131zda\t\t\t<\/span>\r\n\t\t\t\t\r\n\t\t\t\t\t\t\t\t<\/h3>\r\n\t<\/div>\r\n\r\n\t\t\t\t<\/div>\n\t\t\t\t<\/div>\n\t\t\t\t<div class=\"elementor-element elementor-element-91014f9 elementor-widget elementor-widget-text-editor\" data-id=\"91014f9\" data-element_type=\"widget\" data-widget_type=\"text-editor.default\">\n\t\t\t\t<div class=\"elementor-widget-container\">\n\t\t\t\t\t\t\t<p><strong>K\u00f6rlere E\u011fitim ve Destek Derne\u011fi<\/strong>, 2006 y\u0131l\u0131nda \u00fclke \u00e7ap\u0131nda hizmet vermek amac\u0131yla \u0130stanbul\u2019da kurulmu\u015ftur. G\u00f6rme engellilerin \u00fclke ve aile ekonomileri \u00fczerinden t\u00fcketici konumundan \u00fcretici konumuna ge\u00e7melerine, toplum ve g\u00f6rme engelli b\u00fct\u00fcnle\u015fmesini sa\u011flamaya yard\u0131mc\u0131 olabilmek amac\u0131yla, kendisi de g\u00f6rme engelli olan ba\u015fkan Tekin Saltan ve alt\u0131 arkada\u015f\u0131 taraf\u0131ndan kurulmu\u015ftur.<\/p><p>Derne\u011fimiz, g\u00f6rme \u00f6z\u00fcrl\u00fclerin; tedavisi, e\u011fitimi, rehabilitasyonu, istihdam\u0131, ya\u015famlar\u0131n\u0131n her safhas\u0131nda ihtiya\u00e7 duyulan ara\u00e7 ve gere\u00e7lerin temini, sosyal ve k\u00fclt\u00fcrel y\u00f6nlerinin geli\u015ftirilmesi ve \u00e7a\u011fda\u015f insanlar olarak ya\u015famlar\u0131n\u0131 s\u00fcrd\u00fcrebilmeleri, temel insan hak ve h\u00fcrriyetlerinden yararlanmalar\u0131, yasal ve hukuki haklar\u0131 alabilmeleri i\u00e7in m\u00fccadele etmektedir.<\/p><p>\u00a0<\/p>\t\t\t\t\t\t<\/div>\n\t\t\t\t<\/div>\n\t\t\t\t\t<\/div>\n\t\t<\/div>\n\t\t\t\t<div class=\"elementor-column elementor-col-50 elementor-top-column elementor-element elementor-element-1212e3e\" data-id=\"1212e3e\" data-element_type=\"column\">\n\t\t\t<div class=\"elementor-widget-wrap elementor-element-populated\">\n\t\t\t\t\t\t\t\t<div class=\"elementor-element elementor-element-90c2ff9 elementor-widget elementor-widget-image\" data-id=\"90c2ff9\" data-element_type=\"widget\" data-widget_type=\"image.default\">\n\t\t\t\t<div class=\"elementor-widget-container\">\n\t\t\t\t\t\t\t\t\t\t\t\t\t\t\t<img width=\"1024\" height=\"683\" src=\"https:\/\/www.kordesder.org.tr\/wp-content\/uploads\/2021\/09\/pexels-eren-li-7188730-1024x683.jpg\" class=\"attachment-large size-large\" alt=\"\" loading=\"lazy\" srcset=\"https:\/\/www.kordesder.org.tr\/wp-content\/uploads\/2021\/09\/pexels-eren-li-7188730-1024x683.jpg 1024w, https:\/\/www.kordesder.org.tr\/wp-content\/uploads\/2021\/09\/pexels-eren-li-7188730-300x200.jpg 300w, https:\/\/www.kordesder.org.tr\/wp-content\/uploads\/2021\/09\/pexels-eren-li-7188730-768x512.jpg 768w, https:\/\/www.kordesder.org.tr\/wp-content\/uploads\/2021\/09\/pexels-eren-li-7188730-391x260.jpg 391w, https:\/\/www.kordesder.org.tr\/wp-content\/uploads\/2021\/09\/pexels-eren-li-7188730-1536x1024.jpg 1536w, https:\/\/www.kordesder.org.tr\/wp-content\/uploads\/2021\/09\/pexels-eren-li-7188730.jpg 1920w\" sizes=\"(max-width: 1024px) 100vw, 1024px\" \/>\t\t\t\t\t\t\t\t\t\t\t\t\t\t\t<\/div>\n\t\t\t\t<\/div>\n\t\t\t\t\t<\/div>\n\t\t<\/div>\n\t\t\t\t\t\t\t<\/div>\n\t\t<\/section>\n\t\t\t\t\t\t<\/div>\n\t\t\t\t\t<\/div>\n\t\t","protected":false},"excerpt":{"rendered":"<p>Hakk\u0131m\u0131zda K\u00f6rlere E\u011fitim ve Destek Derne\u011fi, 2006 y\u0131l\u0131nda \u00fclke \u00e7ap\u0131nda hizmet vermek amac\u0131yla \u0130stanbul\u2019da kurulmu\u015ftur. G\u00f6rme engellilerin \u00fclke ve aile ekonomileri \u00fczerinden t\u00fcketici konumundan \u00fcretici konumuna ge\u00e7melerine, toplum ve g\u00f6rme engelli b\u00fct\u00fcnle\u015fmesini sa\u011flamaya yard\u0131mc\u0131 olabilmek amac\u0131yla, kendisi de g\u00f6rme engelli olan ba\u015fkan Tekin Saltan ve alt\u0131 arkada\u015f\u0131 taraf\u0131ndan kurulmu\u015ftur. Derne\u011fimiz, g\u00f6rme \u00f6z\u00fcrl\u00fclerin; tedavisi, e\u011fitimi, rehabilitasyonu,&hellip;<\/p>\n","protected":false},"author":1,"featured_media":0,"parent":0,"menu_order":0,"comment_status":"closed","ping_status":"closed","template":"","meta":[],"_links":{"self":[{"href":"https:\/\/www.kordesder.org.tr\/index.php?rest_route=\/wp\/v2\/pages\/142"}],"collection":[{"href":"https:\/\/www.kordesder.org.tr\/index.php?rest_route=\/wp\/v2\/pages"}],"about":[{"href":"https:\/\/www.kordesder.org.tr\/index.php?rest_route=\/wp\/v2\/types\/page"}],"author":[{"embeddable":true,"href":"https:\/\/www.kordesder.org.tr\/index.php?rest_route=\/wp\/v2\/users\/1"}],"replies":[{"embeddable":true,"href":"https:\/\/www.kordesder.org.tr\/index.php?rest_route=%2Fwp%2Fv2%2Fcomments&post=142"}],"version-history":[{"count":0,"href":"https:\/\/www.kordesder.org.tr\/index.php?rest_route=\/wp\/v2\/pages\/142\/revisions"}],"wp:attachment":[{"href":"https:\/\/www.kordesder.org.tr\/index.php?rest_route=%2Fwp%2Fv2%2Fmedia&parent=142"}],"curies":[{"name":"wp","href":"https:\/\/api.w.org\/{rel}","templated":true}]}}